{"id":17,"date":"2019-10-03T13:25:57","date_gmt":"2019-10-03T17:25:57","guid":{"rendered":"https:\/\/www.cpoutaouais.com\/?page_id=17"},"modified":"2025-06-19T08:38:49","modified_gmt":"2025-06-19T12:38:49","slug":"clinique-podiatrique-outaouais","status":"publish","type":"page","link":"https:\/\/www.cpoutaouais.com\/fr\/clinique-podiatrique-outaouais\/","title":{"rendered":"Clinique podiatrique de l&rsquo;Outaouais"},"content":{"rendered":"<p><main id=\"a-propos\" role=\"main\"><\/p>\n<section class=\"body-container banner-container\">\n<div class=\"banner-container-bg-img\">\n<div class=\"lc-block\">\n\t\t\t\t<picture><source srcset=\"https:\/\/www.cpoutaouais.com\/wp-content\/uploads\/2025\/06\/CPOTeam.webp\" type=\"image\/webp\"><img loading=\"lazy\" decoding=\"async\" class=\"img-fluid wp-image-1318\" src=\"https:\/\/www.cpoutaouais.com\/wp-content\/uploads\/2025\/06\/CPOTeam.jpg\" width=\"2048\" height=\"1152\" srcset=\"https:\/\/www.cpoutaouais.com\/wp-content\/uploads\/2025\/06\/CPOTeam.jpg\" sizes=\"auto, (max-width: 2048px) 100vw, 2048px\"><\/picture>\n\t\t\t<\/div>\n<p><!-- \/lc-block -->\n\t\t<\/div>\n<div class=\"container\">\n<div class=\"row\">\n<div class=\"col\">\n<div class=\"banner\">\n<div class=\"lc-block\">\n<div editable=\"rich\">\n<h1>Clinique Podiatrique de l\u2019Outaouais<\/h1>\n<\/p><\/div>\n<\/p><\/div>\n<p><!-- \/lc-block -->\n\t\t\t\t\t<\/div>\n<div class=\"breadcrumb pill pill-light\">\n\t\t\t\t\t\t<span class=\"lc-block\"><span lc-helper=\"shortcode\" class=\"live-shortcode\"><a class=\"\" href=\"https:\/\/www.cpoutaouais.com\/fr\/\" aria-label=\"Accueil\">Accueil<\/a><\/span><\/span><!-- \/lc-block --><br \/>\n\t\t\t\t\t\t<span> &gt; <\/span><br \/>\n\t\t\t\t\t\t<span>Clinique Podiatrique de l\u2019Outaouais<\/span>\n\t\t\t\t\t<\/div>\n<\/p><\/div>\n<\/p><\/div>\n<\/p><\/div>\n<\/section>\n<section class=\"body-container mission-container pb-0\" id=\"mission\">\n<div class=\"container\" id=\"mission-container\">\n<div class=\"row\">\n<div class=\"col-12\">\n<div class=\"lc-block\">\n<div editable=\"rich\" class=\"mission\">\n<h2>Notre mission<\/h2>\n<h3>Notre mission, le bien-\u00eatre de vos pieds<br \/><\/h3>\n<p>La Clinique podiatrique de l\u2019Outaouais contribue au bien-\u00eatre et au confort de ses patients en leur prodiguant des soins de haute qualit\u00e9. Les membres de son \u00e9quipe s\u2019attardent \u00e0 promouvoir les bonnes habitudes sur la sant\u00e9 des pieds et permettent ainsi d\u2019optimiser la qualit\u00e9 de vie de sa client\u00e8le.<\/p>\n<p>Les podiatres de la CPO s\u2019assurent de la mise \u00e0 jour de leurs comp\u00e9tences gr\u00e2ce \u00e0 des formations continues afin d\u2019offrir une prise en charge optimale.<\/p>\n<\/p><\/div>\n<\/p><\/div>\n<p><!-- \/lc-block -->\n\t\t\t\t<\/div>\n<\/p><\/div>\n<\/p><\/div>\n<\/section>\n<section class=\"body-container historique-container pb-0\" id=\"historique\">\n<div class=\"container\" id=\"historique-container\">\n<div class=\"row\">\n<div class=\"col-12\">\n<div class=\"lc-block\">\n<div editable=\"rich\" class=\"mission\">\n<h2 class=\"mt-0\">Historique<\/h2>\n<p>La Clinique podiatrique de l\u2019Outaouais (CPO), originalement localis\u00e9e sur la rue Notre-Dame \u00e0 Gatineau, est cr\u00e9\u00e9e en 1969 par le Dr Albert Cormier, podiatre. Celui-ci a rapidement su faire cro\u00eetre la client\u00e8le par la qualit\u00e9 de ses soins et l\u2019attention port\u00e9e \u00e0 la satisfaction. Sa fille Lynda se joint \u00e0 lui en 1986 et tient les r\u00eanes de l\u2019entreprise, raison pour laquelle la clinique a toujours conserv\u00e9 une ambiance familiale.<\/p>\n<p>En 1996, la clinique d\u00e9m\u00e9nage dans des locaux plus vastes et modernes \u00e0 l\u2019angle des boulevards de l\u2019H\u00f4pital et La V\u00e9rendrye, \u00e0 Gatineau. Dot\u00e9s d\u2019\u00e9quipements \u00e0 la fine pointe de la technologie, ces locaux sont agrandis et r\u00e9nov\u00e9s en 2008 afin de mieux r\u00e9pondre \u00e0 la demande croissante.<\/p>\n<p>\t\t\t\t\t\t\t<!--\n\n<p>En 1996, la clinique d\u00e9m\u00e9nage dans des locaux plus vastes et modernes \u00e0 l\u2019angle des boulevards de l\u2019H\u00f4pital et La V\u00e9rendrye, \u00e0 Gatineau. Dot\u00e9s d\u2019\u00e9quipements \u00e0 la fine pointe de la technologie, ces locaux sont agrandis et r\u00e9nov\u00e9s en 2008 afin de mieux r\u00e9pondre \u00e0 la demande croissante.La CPO prend de l\u2019ampleur gr\u00e2ce \u00e0 l\u2019ouverture d\u2019une nouvelle succursale dans le secteur Hull, en octobre 2011. Dre Olive Nishimwe, podiatre se joint \u00e0 l\u2019\u00e9quipe en novembre 2020.<\/p>\n\n--><br \/>\n\t\t\t\t\t\t\t<!--\n\n<p>Aujourd\u2019hui, une \u00e9quipe form\u00e9e de 2 podiatres et une belle \u00e9quipe dynamique travaille \u00e0 r\u00e9pondre aux besoins d\u2019une client\u00e8le provenant de tous les secteurs de la r\u00e9gion de l\u2019Outaouais.<\/p>\n\n--><\/p>\n<p>Aujourd\u2019hui, une \u00e9quipe form\u00e9e de podiatres, d\u2019infirmi\u00e8res auxiliaires, d\u2019assistantes et de r\u00e9ceptionnistes travaille \u00e0 r\u00e9pondre aux besoins d\u2019une client\u00e8le provenant de tous les secteurs de la r\u00e9gion de l\u2019Outaouais.<\/p>\n<\/p><\/div>\n<\/p><\/div>\n<p><!-- \/lc-block -->\n\t\t\t\t<\/div>\n<\/p><\/div>\n<\/p><\/div>\n<\/section>\n<section class=\"body-container equipe-container\" id=\"equipe\">\n<div class=\"container\" id=\"equipe-container\">\n<div class=\"row\">\n<div class=\"col-12\">\n<div class=\"lc-block\">\n<div editable=\"rich\" class=\"mission\">\n<h2 class=\"mt-0\">\u00c9quipe de la Clinique Podiatrique de l\u2019Outaouais<\/h2>\n<\/p><\/div>\n<\/p><\/div>\n<p><!-- \/lc-block --><\/p>\n<div class=\"lc-block\">\n<div editable=\"rich\">\n<h3>Vos podiatres<\/h3>\n<\/p><\/div>\n<\/p><\/div>\n<p><!-- \/lc-block --><\/p>\n<div class=\"lc-block\">\n<div lc-helper=\"shortcode\" class=\"live-shortcode\"><div class=\"podiatrists_list\"><ul class=\"row justify-content-center members\"><li class=\"podiatrists_list-item col-auto\" id=\"lynda_cormier\"><a class=\"podiatrists_list-link\" href=\"https:\/\/www.cpoutaouais.com\/fr\/nos-podiatres\/lynda_cormier-dpm\"><div class=\"podiatrists_list-image\"><picture><source srcset=\"https:\/\/www.cpoutaouais.com\/wp-content\/uploads\/2019\/10\/lynda-cormier.webp\" type=\"image\/webp\"><img decoding=\"async\" class=\"podiatrists_list-image\" src=\"https:\/\/www.cpoutaouais.com\/wp-content\/uploads\/2019\/10\/lynda-cormier.png\" alt=\"\" loading=\"lazy\"><\/picture><noscript><picture><source srcset=\"https:\/\/www.cpoutaouais.com\/wp-content\/uploads\/2019\/10\/lynda-cormier.webp\" type=\"image\/webp\"><img decoding=\"async\" class=\"podiatrists_list-image\" src=\"https:\/\/www.cpoutaouais.com\/wp-content\/uploads\/2019\/10\/lynda-cormier.png\" alt=\"\" loading=\"lazy\"><\/picture><\/noscript><\/div><div class=\"podiatrists_list-text\"><h3 class=\"podiatrists_list-title\">Dre Lynda Cormier,<span class=\"d-block\">podiatre<\/span><\/h3><p class=\"podiatrists_list-cta mb-0\">En savoir plus<\/p><\/div><\/a><\/li><li class=\"podiatrists_list-item col-auto\" id=\"olive_nishimwe\"><a class=\"podiatrists_list-link\" href=\"https:\/\/www.cpoutaouais.com\/fr\/nos-podiatres\/olive_nishimwe-dpm\"><div class=\"podiatrists_list-image\"><picture><source srcset=\"https:\/\/www.cpoutaouais.com\/wp-content\/uploads\/2019\/10\/olive-nishimwe.webp\" type=\"image\/webp\"><img decoding=\"async\" class=\"podiatrists_list-image\" src=\"https:\/\/www.cpoutaouais.com\/wp-content\/uploads\/2019\/10\/olive-nishimwe.png\" alt=\"\" loading=\"lazy\"><\/picture><noscript><picture><source srcset=\"https:\/\/www.cpoutaouais.com\/wp-content\/uploads\/2019\/10\/olive-nishimwe.webp\" type=\"image\/webp\"><img decoding=\"async\" class=\"podiatrists_list-image\" src=\"https:\/\/www.cpoutaouais.com\/wp-content\/uploads\/2019\/10\/olive-nishimwe.png\" alt=\"\" loading=\"lazy\"><\/picture><\/noscript><\/div><div class=\"podiatrists_list-text\"><h3 class=\"podiatrists_list-title\">Dre Olive Nishimwe,<span class=\"d-block\">podiatre<\/span><\/h3><p class=\"podiatrists_list-cta mb-0\">En savoir plus<\/p><\/div><\/a><\/li><li class=\"podiatrists_list-item col-auto\" id=\"diana_diveeva\"><a class=\"podiatrists_list-link\" href=\"https:\/\/www.cpoutaouais.com\/fr\/nos-podiatres\/diana_diveeva-dpm\"><div class=\"podiatrists_list-image\"><picture><source srcset=\"https:\/\/www.cpoutaouais.com\/wp-content\/uploads\/2019\/10\/diana-diveeva.webp\" type=\"image\/webp\"><img decoding=\"async\" class=\"podiatrists_list-image\" src=\"https:\/\/www.cpoutaouais.com\/wp-content\/uploads\/2019\/10\/diana-diveeva.png\" alt=\"\" loading=\"lazy\"><\/picture><noscript><picture><source srcset=\"https:\/\/www.cpoutaouais.com\/wp-content\/uploads\/2019\/10\/diana-diveeva.webp\" type=\"image\/webp\"><img decoding=\"async\" class=\"podiatrists_list-image\" src=\"https:\/\/www.cpoutaouais.com\/wp-content\/uploads\/2019\/10\/diana-diveeva.png\" alt=\"\" loading=\"lazy\"><\/picture><\/noscript><\/div><div class=\"podiatrists_list-text\"><h3 class=\"podiatrists_list-title\">Dre Diana Diveeva,<span class=\"d-block\">podiatre<\/span><\/h3><p class=\"podiatrists_list-cta mb-0\">En savoir plus<\/p><\/div><\/a><\/li><div class=\"col-12 d-none d-lg-block\"><\/div><li class=\"podiatrists_list-item col-auto\" id=\"maria_sali\"><a class=\"podiatrists_list-link\" href=\"https:\/\/www.cpoutaouais.com\/fr\/nos-podiatres\/maria_sali-dpm\"><div class=\"podiatrists_list-image\"><picture><source srcset=\"https:\/\/www.cpoutaouais.com\/wp-content\/uploads\/2019\/10\/maria-sali.webp\" type=\"image\/webp\"><img decoding=\"async\" class=\"podiatrists_list-image\" src=\"https:\/\/www.cpoutaouais.com\/wp-content\/uploads\/2019\/10\/maria-sali.png\" alt=\"\" loading=\"lazy\"><\/picture><noscript><picture><source srcset=\"https:\/\/www.cpoutaouais.com\/wp-content\/uploads\/2019\/10\/maria-sali.webp\" type=\"image\/webp\"><img decoding=\"async\" class=\"podiatrists_list-image\" src=\"https:\/\/www.cpoutaouais.com\/wp-content\/uploads\/2019\/10\/maria-sali.png\" alt=\"\" loading=\"lazy\"><\/picture><\/noscript><\/div><div class=\"podiatrists_list-text\"><h3 class=\"podiatrists_list-title\">Dre Maria Sali,<span class=\"d-block\">podiatre<\/span><\/h3><p class=\"podiatrists_list-cta mb-0\">En savoir plus<\/p><\/div><\/a><\/li><li class=\"podiatrists_list-item col-auto\" id=\"darrell_bevacqua\"><a class=\"podiatrists_list-link\" href=\"https:\/\/www.cpoutaouais.com\/fr\/nos-podiatres\/darrell_bevacqua-dpm\"><div class=\"podiatrists_list-image\"><picture><source srcset=\"https:\/\/www.cpoutaouais.com\/wp-content\/uploads\/2019\/10\/dr-darrell-1.webp\" type=\"image\/webp\"><img decoding=\"async\" class=\"podiatrists_list-image\" src=\"https:\/\/www.cpoutaouais.com\/wp-content\/uploads\/2019\/10\/dr-darrell-1.png\" alt=\"\" loading=\"lazy\"><\/picture><noscript><picture><source srcset=\"https:\/\/www.cpoutaouais.com\/wp-content\/uploads\/2019\/10\/dr-darrell-1.webp\" type=\"image\/webp\"><img decoding=\"async\" class=\"podiatrists_list-image\" src=\"https:\/\/www.cpoutaouais.com\/wp-content\/uploads\/2019\/10\/dr-darrell-1.png\" alt=\"\" loading=\"lazy\"><\/picture><\/noscript><\/div><div class=\"podiatrists_list-text\"><h3 class=\"podiatrists_list-title\">Dr Darrell Bevacqua,<span class=\"d-block\">podiatre<\/span><\/h3><p class=\"podiatrists_list-cta mb-0\">En savoir plus<\/p><\/div><\/a><\/li><li class=\"podiatrists_list-item col-auto\" id=\"martin_scutt\"><a class=\"podiatrists_list-link\" href=\"https:\/\/www.cpoutaouais.com\/fr\/nos-podiatres\/martin_scutt-dpm\"><div class=\"podiatrists_list-image\"><picture><source srcset=\"https:\/\/www.cpoutaouais.com\/wp-content\/uploads\/2019\/10\/martin-scutt-1.webp\" type=\"image\/webp\"><img decoding=\"async\" class=\"podiatrists_list-image\" src=\"https:\/\/www.cpoutaouais.com\/wp-content\/uploads\/2019\/10\/martin-scutt-1.png\" alt=\"\" loading=\"lazy\"><\/picture><noscript><picture><source srcset=\"https:\/\/www.cpoutaouais.com\/wp-content\/uploads\/2019\/10\/martin-scutt-1.webp\" type=\"image\/webp\"><img decoding=\"async\" class=\"podiatrists_list-image\" src=\"https:\/\/www.cpoutaouais.com\/wp-content\/uploads\/2019\/10\/martin-scutt-1.png\" alt=\"\" loading=\"lazy\"><\/picture><\/noscript><\/div><div class=\"podiatrists_list-text\"><h3 class=\"podiatrists_list-title\">Dr Martin Scutt,<span class=\"d-block\">podiatre<\/span><\/h3><p class=\"podiatrists_list-cta mb-0\">En savoir plus<\/p><\/div><\/a><\/li><\/ul><\/div><\/div>\n<\/p><\/div>\n<p><!-- \/lc-block --><\/p>\n<div class=\"lc-block\">\n<div editable=\"rich\">\n<h3>Votre \u00e9quipe<\/h3>\n<\/p><\/div>\n<\/p><\/div>\n<p><!-- \/lc-block --><\/p>\n<div class=\"lc-block\">\n<div lc-helper=\"shortcode\" class=\"live-shortcode\"><div class=\"team team-gatineau\"><div class=\"row justify-content-center align-items-stretch\"><div class=\"col-12 col-sm-6 col-md-5 col-lg-4 col-xl-3\"><div class=\"team-member-container\"><div class=\"team-member\"><div class=\"team-photo\"><img decoding=\"async\" class=\"team-image\" src=\"https:\/\/www.cpoutaouais.com\/wp-content\/uploads\/2019\/10\/Medya-310x435.jpg\" alt=\"Medya Collins, Infirmi\u00e8re chef\"><noscript><img decoding=\"async\" class=\"team-image\" src=\"https:\/\/www.cpoutaouais.com\/wp-content\/uploads\/2019\/10\/Medya-310x435.jpg\" alt=\"Medya Collins, Infirmi\u00e8re chef\"><\/noscript><\/div><div class=\"team-texts\"><h3 class=\"team-name\">Medya Collins<\/h3><p class=\"team-job\">Infirmi\u00e8re chef<\/p><\/div><\/div><\/div><\/div><div class=\"col-12 col-sm-6 col-md-5 col-lg-4 col-xl-3\"><div class=\"team-member-container\"><div class=\"team-member\"><div class=\"team-photo\"><img decoding=\"async\" class=\"team-image\" src=\"https:\/\/www.cpoutaouais.com\/wp-content\/uploads\/2019\/10\/Daniele-310x435.jpg\" alt=\"Dani\u00e8le B\u00e9langer, Administration et gestion\"><noscript><img decoding=\"async\" class=\"team-image\" src=\"https:\/\/www.cpoutaouais.com\/wp-content\/uploads\/2019\/10\/Daniele-310x435.jpg\" alt=\"Dani\u00e8le B\u00e9langer, Administration et gestion\"><\/noscript><\/div><div class=\"team-texts\"><h3 class=\"team-name\">Dani\u00e8le B\u00e9langer<\/h3><p class=\"team-job\">Administration et gestion<\/p><\/div><\/div><\/div><\/div><div class=\"col-12 col-sm-6 col-md-5 col-lg-4 col-xl-3\"><div class=\"team-member-container\"><div class=\"team-member\"><div class=\"team-photo\"><img decoding=\"async\" class=\"team-image\" src=\"https:\/\/www.cpoutaouais.com\/wp-content\/uploads\/2019\/10\/France-310x435.jpg\" alt=\"France Groulx, Infirmi\u00e8re auxiliaire\"><noscript><img decoding=\"async\" class=\"team-image\" src=\"https:\/\/www.cpoutaouais.com\/wp-content\/uploads\/2019\/10\/France-310x435.jpg\" alt=\"France Groulx, Infirmi\u00e8re auxiliaire\"><\/noscript><\/div><div class=\"team-texts\"><h3 class=\"team-name\">France Groulx<\/h3><p class=\"team-job\">Infirmi\u00e8re auxiliaire<\/p><\/div><\/div><\/div><\/div><div class=\"col-12 col-sm-6 col-md-5 col-lg-4 col-xl-3\"><div class=\"team-member-container\"><div class=\"team-member\"><div class=\"team-photo\"><img decoding=\"async\" class=\"team-image\" src=\"https:\/\/www.cpoutaouais.com\/wp-content\/uploads\/2019\/10\/Shirley-Ann-L.-Cabeceiras-scaled.jpg\" alt=\"Shirley-Ann L.  Cabeceiras, Infirmi\u00e8re auxiliaire\"><noscript><img decoding=\"async\" class=\"team-image\" src=\"https:\/\/www.cpoutaouais.com\/wp-content\/uploads\/2019\/10\/Shirley-Ann-L.-Cabeceiras-scaled.jpg\" alt=\"Shirley-Ann L.  Cabeceiras, Infirmi\u00e8re auxiliaire\"><\/noscript><\/div><div class=\"team-texts\"><h3 class=\"team-name\">Shirley-Ann L.  Cabeceiras<\/h3><p class=\"team-job\">Infirmi\u00e8re auxiliaire<\/p><\/div><\/div><\/div><\/div><div class=\"col-12 col-sm-6 col-md-5 col-lg-4 col-xl-3\"><div class=\"team-member-container\"><div class=\"team-member\"><div class=\"team-photo\"><img decoding=\"async\" class=\"team-image\" src=\"https:\/\/www.cpoutaouais.com\/wp-content\/uploads\/2019\/10\/Dina-5x7-1-scaled.jpg\" alt=\"Dina Labelle, Infirmi\u00e8re auxiliaire\"><noscript><img decoding=\"async\" class=\"team-image\" src=\"https:\/\/www.cpoutaouais.com\/wp-content\/uploads\/2019\/10\/Dina-5x7-1-scaled.jpg\" alt=\"Dina Labelle, Infirmi\u00e8re auxiliaire\"><\/noscript><\/div><div class=\"team-texts\"><h3 class=\"team-name\">Dina Labelle<\/h3><p class=\"team-job\">Infirmi\u00e8re auxiliaire<\/p><\/div><\/div><\/div><\/div><div class=\"col-12 col-sm-6 col-md-5 col-lg-4 col-xl-3\"><div class=\"team-member-container\"><div class=\"team-member\"><div class=\"team-photo\"><img decoding=\"async\" class=\"team-image\" src=\"https:\/\/www.cpoutaouais.com\/wp-content\/uploads\/2019\/10\/Nathalie-5x7-2-scaled.jpg\" alt=\"Nathalie Lepage, Infirmi\u00e8re auxiliaire\"><noscript><img decoding=\"async\" class=\"team-image\" src=\"https:\/\/www.cpoutaouais.com\/wp-content\/uploads\/2019\/10\/Nathalie-5x7-2-scaled.jpg\" alt=\"Nathalie Lepage, Infirmi\u00e8re auxiliaire\"><\/noscript><\/div><div class=\"team-texts\"><h3 class=\"team-name\">Nathalie Lepage<\/h3><p class=\"team-job\">Infirmi\u00e8re auxiliaire<\/p><\/div><\/div><\/div><\/div><div class=\"col-12 col-sm-6 col-md-5 col-lg-4 col-xl-3\"><div class=\"team-member-container\"><div class=\"team-member\"><div class=\"team-photo\"><img decoding=\"async\" class=\"team-image\" src=\"https:\/\/www.cpoutaouais.com\/wp-content\/uploads\/2019\/10\/Evelyne-5x7-1-scaled.jpg\" alt=\"Evelyne Bergeron, Infirmi\u00e8re\"><noscript><img decoding=\"async\" class=\"team-image\" src=\"https:\/\/www.cpoutaouais.com\/wp-content\/uploads\/2019\/10\/Evelyne-5x7-1-scaled.jpg\" alt=\"Evelyne Bergeron, Infirmi\u00e8re\"><\/noscript><\/div><div class=\"team-texts\"><h3 class=\"team-name\">Evelyne Bergeron<\/h3><p class=\"team-job\">Infirmi\u00e8re<\/p><\/div><\/div><\/div><\/div><div class=\"col-12 col-sm-6 col-md-5 col-lg-4 col-xl-3\"><div class=\"team-member-container\"><div class=\"team-member\"><div class=\"team-photo\"><img decoding=\"async\" class=\"team-image\" src=\"https:\/\/www.cpoutaouais.com\/wp-content\/uploads\/2019\/10\/Shirley-310x435.jpg\" alt=\"Shirley Ryan, \u00a0\"><noscript><img decoding=\"async\" class=\"team-image\" src=\"https:\/\/www.cpoutaouais.com\/wp-content\/uploads\/2019\/10\/Shirley-310x435.jpg\" alt=\"Shirley Ryan, \u00a0\"><\/noscript><\/div><div class=\"team-texts\"><h3 class=\"team-name\">Shirley Ryan<\/h3><\/div><\/div><\/div><\/div><div class=\"col-12 col-sm-6 col-md-5 col-lg-4 col-xl-3\"><div class=\"team-member-container\"><div class=\"team-member\"><div class=\"team-photo\"><img decoding=\"async\" class=\"team-image\" src=\"https:\/\/www.cpoutaouais.com\/wp-content\/uploads\/2019\/10\/Lyne-310x435.jpg\" alt=\"Lyne Desch\u00eanes, \u00a0\"><noscript><img decoding=\"async\" class=\"team-image\" src=\"https:\/\/www.cpoutaouais.com\/wp-content\/uploads\/2019\/10\/Lyne-310x435.jpg\" alt=\"Lyne Desch\u00eanes, \u00a0\"><\/noscript><\/div><div class=\"team-texts\"><h3 class=\"team-name\">Lyne Desch\u00eanes<\/h3><\/div><\/div><\/div><\/div><div class=\"col-12 col-sm-6 col-md-5 col-lg-4 col-xl-3\"><div class=\"team-member-container\"><div class=\"team-member\"><div class=\"team-photo\"><img decoding=\"async\" class=\"team-image\" src=\"https:\/\/www.cpoutaouais.com\/wp-content\/uploads\/2019\/10\/Sonia-310x435.jpg\" alt=\"Sonia Robinson, \u00a0\"><noscript><img decoding=\"async\" class=\"team-image\" src=\"https:\/\/www.cpoutaouais.com\/wp-content\/uploads\/2019\/10\/Sonia-310x435.jpg\" alt=\"Sonia Robinson, \u00a0\"><\/noscript><\/div><div class=\"team-texts\"><h3 class=\"team-name\">Sonia Robinson<\/h3><\/div><\/div><\/div><\/div><div class=\"col-12 col-sm-6 col-md-5 col-lg-4 col-xl-3\"><div class=\"team-member-container\"><div class=\"team-member\"><div class=\"team-photo\"><img decoding=\"async\" class=\"team-image\" src=\"https:\/\/www.cpoutaouais.com\/wp-content\/uploads\/2019\/10\/Christine-5x7-1-scaled.jpg\" alt=\"Christine , \u00a0\"><noscript><img decoding=\"async\" class=\"team-image\" src=\"https:\/\/www.cpoutaouais.com\/wp-content\/uploads\/2019\/10\/Christine-5x7-1-scaled.jpg\" alt=\"Christine , \u00a0\"><\/noscript><\/div><div class=\"team-texts\"><h3 class=\"team-name\">Christine <\/h3><\/div><\/div><\/div><\/div><div class=\"col-12 col-sm-6 col-md-5 col-lg-4 col-xl-3\"><div class=\"team-member-container\"><div class=\"team-member\"><div class=\"team-photo\"><img decoding=\"async\" class=\"team-image\" src=\"https:\/\/www.cpoutaouais.com\/wp-content\/uploads\/2019\/10\/dominique-martel-310x435.jpg\" alt=\"Dominique Martel, \u00a0\"><noscript><img decoding=\"async\" class=\"team-image\" src=\"https:\/\/www.cpoutaouais.com\/wp-content\/uploads\/2019\/10\/dominique-martel-310x435.jpg\" alt=\"Dominique Martel, \u00a0\"><\/noscript><\/div><div class=\"team-texts\"><h3 class=\"team-name\">Dominique Martel<\/h3><\/div><\/div><\/div><\/div><div class=\"col-12 col-sm-6 col-md-5 col-lg-4 col-xl-3\"><div class=\"team-member-container\"><div class=\"team-member\"><div class=\"team-photo\"><img decoding=\"async\" class=\"team-image\" src=\"https:\/\/www.cpoutaouais.com\/wp-content\/uploads\/2019\/10\/erika-fortier-310x435.jpg\" alt=\"\u00c9rika Fortier, \u00a0\"><noscript><img decoding=\"async\" class=\"team-image\" src=\"https:\/\/www.cpoutaouais.com\/wp-content\/uploads\/2019\/10\/erika-fortier-310x435.jpg\" alt=\"\u00c9rika Fortier, \u00a0\"><\/noscript><\/div><div class=\"team-texts\"><h3 class=\"team-name\">\u00c9rika Fortier<\/h3><\/div><\/div><\/div><\/div><div class=\"col-12 col-sm-6 col-md-5 col-lg-4 col-xl-3\"><div class=\"team-member-container\"><div class=\"team-member\"><div class=\"team-photo\"><img decoding=\"async\" class=\"team-image\" src=\"https:\/\/www.cpoutaouais.com\/wp-content\/uploads\/2019\/10\/audre-poulin-310x435.jpg\" alt=\"Audrey Poulin, \u00a0\"><noscript><img decoding=\"async\" class=\"team-image\" src=\"https:\/\/www.cpoutaouais.com\/wp-content\/uploads\/2019\/10\/audre-poulin-310x435.jpg\" alt=\"Audrey Poulin, \u00a0\"><\/noscript><\/div><div class=\"team-texts\"><h3 class=\"team-name\">Audrey Poulin<\/h3><\/div><\/div><\/div><\/div><\/div><\/div><\/div>\n<\/p><\/div>\n<p><!-- \/lc-block -->\n\t\t\t\t<\/div>\n<\/p><\/div>\n<\/p><\/div>\n<\/section>\n<p><\/main><\/p>\n","protected":false},"excerpt":{"rendered":"<p>Clinique Podiatrique de l\u2019Outaouais &gt; Clinique Podiatrique de l\u2019Outaouais Notre mission Notre mission, le bien-\u00eatre de vos pieds La Clinique podiatrique de l\u2019Outaouais contribue au bien-\u00eatre et au confort de ses patients en leur prodiguant des soins de haute qualit\u00e9. Les membres de son \u00e9quipe s\u2019attardent \u00e0 promouvoir les bonnes habitudes sur la sant\u00e9 des [&hellip;]<\/p>\n","protected":false},"author":1,"featured_media":1318,"parent":0,"menu_order":0,"comment_status":"closed","ping_status":"closed","template":"","meta":{"footnotes":""},"class_list":["post-17","page","type-page","status-publish","has-post-thumbnail","hentry"],"_links":{"self":[{"href":"https:\/\/www.cpoutaouais.com\/fr\/wp-json\/wp\/v2\/pages\/17","targetHints":{"allow":["GET"]}}],"collection":[{"href":"https:\/\/www.cpoutaouais.com\/fr\/wp-json\/wp\/v2\/pages"}],"about":[{"href":"https:\/\/www.cpoutaouais.com\/fr\/wp-json\/wp\/v2\/types\/page"}],"author":[{"embeddable":true,"href":"https:\/\/www.cpoutaouais.com\/fr\/wp-json\/wp\/v2\/users\/1"}],"replies":[{"embeddable":true,"href":"https:\/\/www.cpoutaouais.com\/fr\/wp-json\/wp\/v2\/comments?post=17"}],"version-history":[{"count":69,"href":"https:\/\/www.cpoutaouais.com\/fr\/wp-json\/wp\/v2\/pages\/17\/revisions"}],"predecessor-version":[{"id":1823,"href":"https:\/\/www.cpoutaouais.com\/fr\/wp-json\/wp\/v2\/pages\/17\/revisions\/1823"}],"wp:featuredmedia":[{"embeddable":true,"href":"https:\/\/www.cpoutaouais.com\/fr\/wp-json\/wp\/v2\/media\/1318"}],"wp:attachment":[{"href":"https:\/\/www.cpoutaouais.com\/fr\/wp-json\/wp\/v2\/media?parent=17"}],"curies":[{"name":"wp","href":"https:\/\/api.w.org\/{rel}","templated":true}]}}