{"id":225,"date":"2019-10-04T11:22:10","date_gmt":"2019-10-04T15:22:10","guid":{"rendered":"https:\/\/www.cpoutaouais.com\/?page_id=225"},"modified":"2025-02-05T14:13:19","modified_gmt":"2025-02-05T19:13:19","slug":"faq","status":"publish","type":"page","link":"https:\/\/www.cpoutaouais.com\/fr\/faq\/","title":{"rendered":"F.A.Q."},"content":{"rendered":"<p><main id=\"faq\" role=\"main\"><\/p>\n<section class=\"body-container banner-container\">\n<div class=\"container\">\n<div class=\"row\">\n<div class=\"col-12\">\n<div class=\"banner\">\n<div class=\"lc-block\">\n<h1 editable=\"inline\" class=\"\">F.A.Q.<\/h1>\n<\/p><\/div>\n<p><!-- \/lc-block -->\n\t\t\t\t\t<\/div>\n<div class=\"breadcrumb pill pill-light\">\n\t\t\t\t\t\t<span class=\"lc-block\"><br \/>\n\t\t\t\t\t\t\t<span lc-helper=\"shortcode\" class=\"live-shortcode\"><a class=\"\" href=\"https:\/\/www.cpoutaouais.com\/fr\/\" aria-label=\"Accueil\">Accueil<\/a><\/span><br \/>\n\t\t\t\t\t\t<\/span><!-- \/lc-block --><br \/>\n\t\t\t\t\t\t<span> &gt; <\/span><br \/>\n\t\t\t\t\t\t<span class=\"lc-block\"><span editable=\"inline\">F.A.Q.<\/span><\/span><!-- \/lc-block -->\n\t\t\t\t\t<\/div>\n<\/p><\/div>\n<\/p><\/div>\n<\/p><\/div>\n<\/section>\n<section class=\"body-container faq-container\">\n<div class=\"container\">\n<div class=\"row\">\n<div class=\"col-12\">\n<div class=\"lc-block\">\n<div lc-helper=\"shortcode\" class=\"live-shortcode\"><div class=\"faq-list\"><div class=\"faq\" id=\"faq-1294\"><h3 type=\"button\" class=\"faq-question collapsed\" data-toggle=\"collapse\" data-target=\"#faq-answer-1294\" aria-expanded=\"false\" aria-controls=\"faq-answer-1294\">Qu'est-ce qu'un podiatre ?<\/h3><div class=\"panel-collapse collapse\" id=\"faq-answer-1294\" style=\"display:none;\"><div class=\"faq-answer\"><p>Selon l'Ordre des podiatres du Qu\u00e9bec, le podiatre est un professionnel habilit\u00e9 par la loi \u00e0 traiter les affections locales du pied. Il peut \u00e9galement pratiquer la radiologie et l'\u00e9chographie podiatrique, et prescrire des m\u00e9dicaments.<\/p>\n<p><a class=\"btn btn-primary\" href=\"https:\/\/www.cpoutaouais.com\/fr\/nous-contacter\/\" aria-label=\"Contactez-nous pour plus d&amp;rsquo;information\">Contactez-nous pour plus d\u2019information<\/a><\/p><\/div><\/div><\/div><div class=\"faq\" id=\"faq-1295\"><h3 type=\"button\" class=\"faq-question collapsed\" data-toggle=\"collapse\" data-target=\"#faq-answer-1295\" aria-expanded=\"false\" aria-controls=\"faq-answer-1295\">Quelle formation un podiatre re\u00e7oit-il ?<\/h3><div class=\"panel-collapse collapse\" id=\"faq-answer-1295\" style=\"display:none;\"><div class=\"faq-answer\"><p>Le podiatre obtient un doctorat de premier cycle en m\u00e9decine podiatrique apr\u00e8s quatre ann\u00e9es d'\u00e9tudes et de stages universitaires. Au Canada, l\u2019Universit\u00e9 du Qu\u00e9bec \u00e0 Trois-Rivi\u00e8res est la seule universit\u00e9 offrant un programme de m\u00e9decine podiatrique.<\/p>\n<p><a class=\"btn btn-primary\" href=\"https:\/\/www.cpoutaouais.com\/fr\/nous-contacter\/\" aria-label=\"Contactez-nous pour plus d&amp;rsquo;information\">Contactez-nous pour plus d\u2019information<\/a><\/p><\/div><\/div><\/div><div class=\"faq\" id=\"faq-1296\"><h3 type=\"button\" class=\"faq-question collapsed\" data-toggle=\"collapse\" data-target=\"#faq-answer-1296\" aria-expanded=\"false\" aria-controls=\"faq-answer-1296\">Ai-je besoin d\u2019une r\u00e9f\u00e9rence m\u00e9dicale pour consulter un podiatre ?<\/h3><div class=\"panel-collapse collapse\" id=\"faq-answer-1296\" style=\"display:none;\"><div class=\"faq-answer\"><p>Non. Le podiatre est un professionnel de la sant\u00e9 de premi\u00e8re ligne que vous pouvez consulter directement, sans r\u00e9f\u00e9rence d\u2019un m\u00e9decin, sauf si cela est exig\u00e9 par votre assurance.<\/p>\n<p><a class=\"btn btn-primary\" href=\"https:\/\/www.cpoutaouais.com\/fr\/nous-contacter\/\" aria-label=\"Contactez-nous pour plus d&amp;rsquo;information\">Contactez-nous pour plus d\u2019information<\/a><\/p><\/div><\/div><\/div><div class=\"faq\" id=\"faq-1297\"><h3 type=\"button\" class=\"faq-question collapsed\" data-toggle=\"collapse\" data-target=\"#faq-answer-1297\" aria-expanded=\"false\" aria-controls=\"faq-answer-1297\">Les frais d\u2019un podiatre sont-ils rembours\u00e9s par la RAMQ ?<\/h3><div class=\"panel-collapse collapse\" id=\"faq-answer-1297\" style=\"display:none;\"><div class=\"faq-answer\"><p>Malheureusement, la R\u00e9gie de l\u2019Assurance Maladie du Qu\u00e9bec (RAMQ) ne rembourse pas les frais podiatriques, car les podiatres exercent principalement dans le secteur priv\u00e9. Cependant, la majorit\u00e9 des assurances priv\u00e9es remboursent en totalit\u00e9 ou en partie les frais encourus pour les soins podiatriques.<\/p>\n<p><a class=\"btn btn-primary\" href=\"https:\/\/www.cpoutaouais.com\/fr\/nous-contacter\/\" aria-label=\"Contactez-nous pour plus d&amp;rsquo;information\">Contactez-nous pour plus d\u2019information<\/a><\/p><\/div><\/div><\/div><div class=\"faq\" id=\"faq-1533\"><h3 type=\"button\" class=\"faq-question collapsed\" data-toggle=\"collapse\" data-target=\"#faq-answer-1533\" aria-expanded=\"false\" aria-controls=\"faq-answer-1533\">Est-ce que mes assurances priv\u00e9es couvrent les services de podiatrie ?<\/h3><div class=\"panel-collapse collapse\" id=\"faq-answer-1533\" style=\"display:none;\"><div class=\"faq-answer\"><p>Cela d\u00e9pend de votre r\u00e9gime d'assurance, mais la plupart des couvertures d\u2019assurances priv\u00e9es couvrent les services de podiatrie. Il est recommand\u00e9 de v\u00e9rifier directement avec votre assureur pour confirmer la couverture des services podiatriques. <\/p>\n<p><a class=\"btn btn-primary\" href=\"https:\/\/www.cpoutaouais.com\/fr\/nous-contacter\/\" aria-label=\"Contactez-nous pour plus d&amp;rsquo;information\">Contactez-nous pour plus d\u2019information<\/a><\/p><\/div><\/div><\/div><div class=\"faq\" id=\"faq-1298\"><h3 type=\"button\" class=\"faq-question collapsed\" data-toggle=\"collapse\" data-target=\"#faq-answer-1298\" aria-expanded=\"false\" aria-controls=\"faq-answer-1298\">Quelle est la diff\u00e9rence entre un podiatre, un orth\u00e9siste et un p\u00e9dicure-podologue ?<\/h3><div class=\"panel-collapse collapse\" id=\"faq-answer-1298\" style=\"display:none;\"><div class=\"faq-answer\"><p>Un podiatre est un professionnel de la sant\u00e9 form\u00e9 en m\u00e9decine podiatrique, avec quatre ans d\u2019\u00e9tudes universitaires, habilit\u00e9 \u00e0 \u00e9valuer, diagnostiquer et traiter les maladies locales du pied, ainsi qu\u2019\u00e0 prescrire et vendre des orth\u00e8ses plantaires. Un orth\u00e9siste, avec une formation technique de trois ans, con\u00e7oit des orth\u00e8ses pour tout le corps mais ne peut ni \u00e9valuer ni prescrire. Le terme \"p\u00e9dicure-podologue\" n'est reconnu qu'en France, et les personnes se d\u00e9clarant ainsi n'ont pas de formation reconnue au Qu\u00e9bec.<\/p>\n<p><a class=\"btn btn-primary\" href=\"https:\/\/www.cpoutaouais.com\/fr\/nous-contacter\/\" aria-label=\"Contactez-nous pour plus d&amp;rsquo;information\">Contactez-nous pour plus d\u2019information<\/a><\/p><\/div><\/div><\/div><div class=\"faq\" id=\"faq-1299\"><h3 type=\"button\" class=\"faq-question collapsed\" data-toggle=\"collapse\" data-target=\"#faq-answer-1299\" aria-expanded=\"false\" aria-controls=\"faq-answer-1299\">\u00c0 quel \u00e2ge un enfant peut-il consulter un podiatre ?<\/h3><div class=\"panel-collapse collapse\" id=\"faq-answer-1299\" style=\"display:none;\"><div class=\"faq-answer\"><p>Un enfant peut consulter un podiatre d\u00e8s qu'une anomalie des membres inf\u00e9rieurs ou de la posture est suspect\u00e9e, m\u00eame dans les premiers mois de vie. Le podiatre est qualifi\u00e9 pour \u00e9valuer les malformations cong\u00e9nitales, les retards de d\u00e9veloppement moteur, les anomalies de croissance, les conditions neurologiques, les blessures et les probl\u00e8mes dermatologiques au niveau des membres inf\u00e9rieurs.<\/p>\n<p><a class=\"btn btn-primary\" href=\"https:\/\/www.cpoutaouais.com\/fr\/nous-contacter\/\" aria-label=\"Contactez-nous pour plus d&amp;rsquo;information\">Contactez-nous pour plus d\u2019information<\/a><\/p><\/div><\/div><\/div><div class=\"faq\" id=\"faq-1300\"><h3 type=\"button\" class=\"faq-question collapsed\" data-toggle=\"collapse\" data-target=\"#faq-answer-1300\" aria-expanded=\"false\" aria-controls=\"faq-answer-1300\">Comment se pr\u00e9parer pour votre premi\u00e8re visite ?<\/h3><div class=\"panel-collapse collapse\" id=\"faq-answer-1300\" style=\"display:none;\"><div class=\"faq-answer\"><p>Avant votre rendez-vous, pr\u00e9parez une liste des m\u00e9dicaments que vous prenez, de vos allergies, ainsi que de votre historique m\u00e9dical, y compris les chirurgies pass\u00e9es. Cela permettra au podiatre de mieux comprendre votre situation. Apportez \u00e9galement les chaussures que vous portez le plus souvent ou celles qui semblent causer vos sympt\u00f4mes, car le podiatre voudra les examiner. Ces informations sont essentielles pour offrir les meilleurs soins pour vos pieds.<\/p>\n<p><a class=\"btn btn-primary\" href=\"https:\/\/www.cpoutaouais.com\/fr\/nous-contacter\/\" aria-label=\"Contactez-nous pour plus d&amp;rsquo;information\">Contactez-nous pour plus d\u2019information<\/a><\/p><\/div><\/div><\/div><div class=\"faq\" id=\"faq-1301\"><h3 type=\"button\" class=\"faq-question collapsed\" data-toggle=\"collapse\" data-target=\"#faq-answer-1301\" aria-expanded=\"false\" aria-controls=\"faq-answer-1301\">Quand consulter un podiatre ?<\/h3><div class=\"panel-collapse collapse\" id=\"faq-answer-1301\" style=\"display:none;\"><div class=\"faq-answer\"><p>Vous devriez consulter un podiatre si vous ressentez des douleurs aux pieds, qu'elles soient aigu\u00ebs ou chroniques, si vous avez des pr\u00e9occupations concernant votre posture, des d\u00e9formations du pied, ou si vous remarquez des anomalies visibles. Douleur, gonflement, changements de couleur ou d'apparence de la peau, infections, ou toute g\u00eane persistante au niveau des pieds ou des chevilles sont aussi de bonnes raisons de prendre un rendez-vous avec la Clinique podiatrique de l\u2019Outaouais.<\/p>\n<p>Un podiatre pourra \u00e9valuer et traiter ces probl\u00e8mes afin d'am\u00e9liorer votre confort et pr\u00e9venir d\u2019\u00e9ventuelles complications.<\/p>\n<p><a class=\"btn btn-primary\" href=\"https:\/\/www.cpoutaouais.com\/fr\/nous-contacter\/\" aria-label=\"Contactez-nous pour plus d&amp;rsquo;information\">Contactez-nous pour plus d\u2019information<\/a><\/p><\/div><\/div><\/div><div class=\"faq\" id=\"faq-1535\"><h3 type=\"button\" class=\"faq-question collapsed\" data-toggle=\"collapse\" data-target=\"#faq-answer-1535\" aria-expanded=\"false\" aria-controls=\"faq-answer-1535\">Comment savoir si j'ai besoin de semelles orthop\u00e9diques sur mesure ?<\/h3><div class=\"panel-collapse collapse\" id=\"faq-answer-1535\" style=\"display:none;\"><div class=\"faq-answer\"><p>Si vous ressentez des douleurs aux pieds, aux jambes ou au dos, ou si vous avez une posture incorrecte, une consultation avec un podiatre de la Clinique podiatrique de l'Outaouais pourra d\u00e9terminer si des semelles orthop\u00e9diques sont n\u00e9cessaires.<\/p>\n<p><a class=\"btn btn-primary\" href=\"https:\/\/www.cpoutaouais.com\/fr\/nous-contacter\/\" aria-label=\"Contactez-nous pour plus d&amp;rsquo;information\">Contactez-nous pour plus d\u2019information<\/a><\/p><\/div><\/div><\/div><div class=\"faq\" id=\"faq-1537\"><h3 type=\"button\" class=\"faq-question collapsed\" data-toggle=\"collapse\" data-target=\"#faq-answer-1537\" aria-expanded=\"false\" aria-controls=\"faq-answer-1537\">Quels types de soins offrez-vous pour les pieds diab\u00e9tiques ?<\/h3><div class=\"panel-collapse collapse\" id=\"faq-answer-1537\" style=\"display:none;\"><div class=\"faq-answer\"><p>\u00c0 la Clinique podiatrique de l'Outaouais, nous offrons des soins sp\u00e9cialis\u00e9s pour pr\u00e9venir les complications li\u00e9es au diab\u00e8te, tels que des examens de pieds r\u00e9guliers et des traitements pour les blessures ou infections.<\/p>\n<p><a class=\"btn btn-primary\" href=\"https:\/\/www.cpoutaouais.com\/fr\/nous-contacter\/\" aria-label=\"Contactez-nous pour plus d&amp;rsquo;information\">Contactez-nous pour plus d\u2019information<\/a><\/p><\/div><\/div><\/div><div class=\"faq\" id=\"faq-1538\"><h3 type=\"button\" class=\"faq-question collapsed\" data-toggle=\"collapse\" data-target=\"#faq-answer-1538\" aria-expanded=\"false\" aria-controls=\"faq-answer-1538\">Offrez-vous des soins pour les ongles incarn\u00e9s ?<\/h3><div class=\"panel-collapse collapse\" id=\"faq-answer-1538\" style=\"display:none;\"><div class=\"faq-answer\"><p>Oui, nous proposons des traitements pour les ongles incarn\u00e9s, allant jusqu'\u00e0 la chirurgie si n\u00e9cessaire.<\/p>\n<p><a class=\"btn btn-primary\" href=\"https:\/\/www.cpoutaouais.com\/fr\/nous-contacter\/\" aria-label=\"Contactez-nous pour plus d&amp;rsquo;information\">Contactez-nous pour plus d\u2019information<\/a><\/p><\/div><\/div><\/div><div class=\"faq\" id=\"faq-1540\"><h3 type=\"button\" class=\"faq-question collapsed\" data-toggle=\"collapse\" data-target=\"#faq-answer-1540\" aria-expanded=\"false\" aria-controls=\"faq-answer-1540\">Que faire en cas d\u2019entorse ou de blessure aux pieds ?<\/h3><div class=\"panel-collapse collapse\" id=\"faq-answer-1540\" style=\"display:none;\"><div class=\"faq-answer\"><p>Il est important de consulter un podiatre d\u00e8s que possible. Nous \u00e9valuerons la gravit\u00e9 de la blessure et proposerons un plan de traitement adapt\u00e9.<\/p>\n<p><a class=\"btn btn-primary\" href=\"https:\/\/www.cpoutaouais.com\/fr\/nous-contacter\/\" aria-label=\"Contactez-nous pour plus d&amp;rsquo;information\">Contactez-nous pour plus d\u2019information<\/a><\/p><\/div><\/div><\/div><div class=\"faq\" id=\"faq-1546\"><h3 type=\"button\" class=\"faq-question collapsed\" data-toggle=\"collapse\" data-target=\"#faq-answer-1546\" aria-expanded=\"false\" aria-controls=\"faq-answer-1546\">Quelles sont les causes les plus courantes des douleurs aux pieds ?<\/h3><div class=\"panel-collapse collapse\" id=\"faq-answer-1546\" style=\"display:none;\"><div class=\"faq-answer\"><p>Les causes incluent les chaussures mal adapt\u00e9es, les blessures, les affections comme les fasciites plantaires ou les pieds plats, ainsi que l'arthrite et d'autres conditions m\u00e9dicales.<\/p>\n<p><a class=\"btn btn-primary\" href=\"https:\/\/www.cpoutaouais.com\/fr\/nous-contacter\/\" aria-label=\"Contactez-nous pour plus d&amp;rsquo;information\">Contactez-nous pour plus d\u2019information<\/a><\/p><\/div><\/div><\/div><\/div><\/div>\n<\/p><\/div>\n<p><!-- \/lc-block --><\/p>\n<div class=\"lc-block\">\n<div editable=\"rich\">\n<p>Les informations pr\u00e9sent\u00e9es sur ce site proviennent de la page <a href=\"https:\/\/www.ordredespodiatres.qc.ca\/public\/des-reponses-a-vos-questions\/\" target=\"_blank\" rel=\"noreferrer nofollow noopener\">Des r\u00e9ponses \u00e0 vos questions<\/a> de l&rsquo;Ordre des podiatres du Qu\u00e9bec.<\/p>\n<p>Les informations pr\u00e9sentes sur cette page ne peuvent en aucun cas substituer l\u2019avis d\u2019un professionnel de la sant\u00e9 qualifi\u00e9 et sont fournies uniquement \u00e0 titre informatif.<\/p>\n<\/p><\/div>\n<\/p><\/div>\n<p><!-- \/lc-block -->\n\t\t\t\t<\/div>\n<p><!-- \/col -->\n\t\t\t<\/div>\n<\/p><\/div>\n<\/section>\n<p><\/main><\/p>\n","protected":false},"excerpt":{"rendered":"<p>F.A.Q. &gt; F.A.Q. Les informations pr\u00e9sent\u00e9es sur ce site proviennent de la page Des r\u00e9ponses \u00e0 vos questions de l&rsquo;Ordre des podiatres du Qu\u00e9bec. Les informations pr\u00e9sentes sur cette page ne peuvent en aucun cas substituer l\u2019avis d\u2019un professionnel de la sant\u00e9 qualifi\u00e9 et sont fournies uniquement \u00e0 titre informatif.<\/p>\n","protected":false},"author":1,"featured_media":0,"parent":0,"menu_order":0,"comment_status":"closed","ping_status":"closed","template":"","meta":{"footnotes":""},"class_list":["post-225","page","type-page","status-publish","hentry"],"_links":{"self":[{"href":"https:\/\/www.cpoutaouais.com\/fr\/wp-json\/wp\/v2\/pages\/225","targetHints":{"allow":["GET"]}}],"collection":[{"href":"https:\/\/www.cpoutaouais.com\/fr\/wp-json\/wp\/v2\/pages"}],"about":[{"href":"https:\/\/www.cpoutaouais.com\/fr\/wp-json\/wp\/v2\/types\/page"}],"author":[{"embeddable":true,"href":"https:\/\/www.cpoutaouais.com\/fr\/wp-json\/wp\/v2\/users\/1"}],"replies":[{"embeddable":true,"href":"https:\/\/www.cpoutaouais.com\/fr\/wp-json\/wp\/v2\/comments?post=225"}],"version-history":[{"count":60,"href":"https:\/\/www.cpoutaouais.com\/fr\/wp-json\/wp\/v2\/pages\/225\/revisions"}],"predecessor-version":[{"id":1798,"href":"https:\/\/www.cpoutaouais.com\/fr\/wp-json\/wp\/v2\/pages\/225\/revisions\/1798"}],"wp:attachment":[{"href":"https:\/\/www.cpoutaouais.com\/fr\/wp-json\/wp\/v2\/media?parent=225"}],"curies":[{"name":"wp","href":"https:\/\/api.w.org\/{rel}","templated":true}]}}